{"id":4283,"date":"2021-12-01T19:01:21","date_gmt":"2021-12-01T18:01:21","guid":{"rendered":"https:\/\/scandinavianiptv.me\/?page_id=4283"},"modified":"2022-11-15T08:31:15","modified_gmt":"2022-11-15T07:31:15","slug":"channels","status":"publish","type":"page","link":"https:\/\/scandinavianiptv.me\/da\/channels\/","title":{"rendered":"Kanaler"},"content":{"rendered":"<div data-elementor-type=\"wp-page\" data-elementor-id=\"4283\" class=\"elementor elementor-4283\" data-elementor-post-type=\"page\">\n\t\t\t\t\t\t<section class=\"elementor-section elementor-top-section elementor-element elementor-element-f942fff elementor-section-boxed elementor-section-height-default elementor-section-height-default\" data-id=\"f942fff\" data-element_type=\"section\" data-e-type=\"section\">\n\t\t\t\t\t\t<div class=\"elementor-container elementor-column-gap-default\">\n\t\t\t\t\t<div class=\"elementor-column elementor-col-100 elementor-top-column elementor-element elementor-element-1e1bce0\" data-id=\"1e1bce0\" data-element_type=\"column\" data-e-type=\"column\">\n\t\t\t<div class=\"elementor-widget-wrap\">\n\t\t\t\t\t\t\t<\/div>\n\t\t<\/div>\n\t\t\t\t\t<\/div>\n\t\t<\/section>\n\t\t\t\t<section class=\"elementor-section elementor-top-section elementor-element elementor-element-551fefc elementor-section-boxed elementor-section-height-default elementor-section-height-default\" data-id=\"551fefc\" data-element_type=\"section\" data-e-type=\"section\">\n\t\t\t\t\t\t<div class=\"elementor-container elementor-column-gap-default\">\n\t\t\t\t\t<div class=\"elementor-column elementor-col-100 elementor-top-column elementor-element elementor-element-be350c6\" data-id=\"be350c6\" data-element_type=\"column\" data-e-type=\"column\">\n\t\t\t<div class=\"elementor-widget-wrap elementor-element-populated\">\n\t\t\t\t\t\t<div data-dce-title-color=\"#303030\" class=\"elementor-element elementor-element-e59bfd2 elementor-widget elementor-widget-heading\" data-id=\"e59bfd2\" data-element_type=\"widget\" data-e-type=\"widget\" data-widget_type=\"heading.default\">\n\t\t\t\t<div class=\"elementor-widget-container\">\n\t\t\t\t\t<h2 class=\"elementor-heading-title elementor-size-default\">V\u00e6lg den gruppe\/det land, hvor du \u00f8nsker at se kanaloversigten. <br>Klik p\u00e5 \"drop down-listen\" og v\u00e6lg en gruppe.<\/h2>\t\t\t\t<\/div>\n\t\t\t\t<\/div>\n\t\t\t\t<div class=\"elementor-element elementor-element-e06d315 elementor-widget elementor-widget-text-editor\" data-id=\"e06d315\" data-element_type=\"widget\" data-e-type=\"widget\" data-widget_type=\"text-editor.default\">\n\t\t\t\t<div class=\"elementor-widget-container\">\n\t\t\t\t\t\t\t\t\t<center>\n<h6>Vil du s\u00f8ge efter kanaler, serier eller film? <a href=\"\/da\/search\/\">Klik her<\/a><\/h6><\/center>\t\t\t\t\t\t\t\t<\/div>\n\t\t\t\t<\/div>\n\t\t\t\t\t<\/div>\n\t\t<\/div>\n\t\t\t\t\t<\/div>\n\t\t<\/section>\n\t\t\t\t<section class=\"elementor-section elementor-top-section elementor-element elementor-element-384de27 elementor-section-boxed elementor-section-height-default elementor-section-height-default\" data-id=\"384de27\" data-element_type=\"section\" data-e-type=\"section\">\n\t\t\t\t\t\t<div class=\"elementor-container elementor-column-gap-default\">\n\t\t\t\t\t<div class=\"elementor-column elementor-col-25 elementor-top-column elementor-element elementor-element-184d367\" data-id=\"184d367\" data-element_type=\"column\" data-e-type=\"column\">\n\t\t\t<div class=\"elementor-widget-wrap\">\n\t\t\t\t\t\t\t<\/div>\n\t\t<\/div>\n\t\t\t\t<div class=\"elementor-column elementor-col-50 elementor-top-column elementor-element elementor-element-dde87c2\" data-id=\"dde87c2\" data-element_type=\"column\" data-e-type=\"column\">\n\t\t\t<div class=\"elementor-widget-wrap elementor-element-populated\">\n\t\t\t\t\t\t<div data-dce-text-color=\"#707070\" class=\"elementor-element elementor-element-f0ed9b9 elementor-widget elementor-widget-text-editor\" data-id=\"f0ed9b9\" data-element_type=\"widget\" data-e-type=\"widget\" data-widget_type=\"text-editor.default\">\n\t\t\t\t<div class=\"elementor-widget-container\">\n\t\t\t\t\t\t\t\t\t<p><iframe src=\"\/m3u\" width=\"100%\" height=\"800\" frameborder=\"0\"><br \/><\/iframe><\/p>\t\t\t\t\t\t\t\t<\/div>\n\t\t\t\t<\/div>\n\t\t\t\t\t<\/div>\n\t\t<\/div>\n\t\t\t\t<div class=\"elementor-column elementor-col-25 elementor-top-column elementor-element elementor-element-86cd6ed\" data-id=\"86cd6ed\" data-element_type=\"column\" data-e-type=\"column\">\n\t\t\t<div class=\"elementor-widget-wrap\">\n\t\t\t\t\t\t\t<\/div>\n\t\t<\/div>\n\t\t\t\t\t<\/div>\n\t\t<\/section>\n\t\t\t\t<section class=\"elementor-section elementor-top-section elementor-element elementor-element-4e78a37 elementor-section-boxed elementor-section-height-default elementor-section-height-default\" data-id=\"4e78a37\" data-element_type=\"section\" data-e-type=\"section\">\n\t\t\t\t\t\t<div class=\"elementor-container elementor-column-gap-default\">\n\t\t\t\t\t<div class=\"elementor-column elementor-col-100 elementor-top-column elementor-element elementor-element-f3a2e63\" data-id=\"f3a2e63\" data-element_type=\"column\" data-e-type=\"column\">\n\t\t\t<div class=\"elementor-widget-wrap elementor-element-populated\">\n\t\t\t\t\t\t<div data-dce-title-color=\"#303030\" class=\"elementor-element elementor-element-77eda7a elementor-widget elementor-widget-heading\" data-id=\"77eda7a\" data-element_type=\"widget\" data-e-type=\"widget\" data-widget_type=\"heading.default\">\n\t\t\t\t<div class=\"elementor-widget-container\">\n\t\t\t\t\t<h2 class=\"elementor-heading-title elementor-size-default\"><br>Vil du pr\u00f8ve vores service gratis? <br>\n\nKontakt os p\u00e5 chatten, s\u00e5 giver vi dig en gratis pr\u00f8veperiode p\u00e5 1 time.<\/h2>\t\t\t\t<\/div>\n\t\t\t\t<\/div>\n\t\t\t\t<div class=\"elementor-element elementor-element-1f553a8 elementor-widget elementor-widget-spacer\" data-id=\"1f553a8\" data-element_type=\"widget\" data-e-type=\"widget\" data-widget_type=\"spacer.default\">\n\t\t\t\t<div class=\"elementor-widget-container\">\n\t\t\t\t\t\t\t<div class=\"elementor-spacer\">\n\t\t\t<div class=\"elementor-spacer-inner\"><\/div>\n\t\t<\/div>\n\t\t\t\t\t\t<\/div>\n\t\t\t\t<\/div>\n\t\t\t\t\t<\/div>\n\t\t<\/div>\n\t\t\t\t\t<\/div>\n\t\t<\/section>\n\t\t\t\t<\/div>","protected":false},"excerpt":{"rendered":"<p>Select the group\/country where you want to see the channel overview. Click the &#8220;drop down list&#8221; and select a group. Want to search for channels, series or movies? Click here Want to try our service for free? Contact us on the chat and we&#8217;ll give you a 1-hour free trial.<\/p>","protected":false},"author":2,"featured_media":0,"parent":0,"menu_order":0,"comment_status":"closed","ping_status":"closed","template":"elementor_header_footer","meta":{"site-sidebar-layout":"no-sidebar","site-content-layout":"page-builder","ast-site-content-layout":"default","site-content-style":"default","site-sidebar-style":"default","ast-global-header-display":"","ast-banner-title-visibility":"","ast-main-header-display":"","ast-hfb-above-header-display":"","ast-hfb-below-header-display":"","ast-hfb-mobile-header-display":"","site-post-title":"disabled","ast-breadcrumbs-content":"","ast-featured-img":"disabled","footer-sml-layout":"","ast-disable-related-posts":"","theme-transparent-header-meta":"default","adv-header-id-meta":"","stick-header-meta":"","header-above-stick-meta":"","header-main-stick-meta":"","header-below-stick-meta":"","astra-migrate-meta-layouts":"default","ast-page-background-enabled":"default","ast-page-background-meta":{"desktop":{"background-color":"var(--ast-global-color-4)","background-image":"","background-repeat":"repeat","background-position":"center center","background-size":"auto","background-attachment":"scroll","background-type":"","background-media":"","overlay-type":"","overlay-color":"","overlay-opacity":"","overlay-gradient":""},"tablet":{"background-color":"","background-image":"","background-repeat":"repeat","background-position":"center center","background-size":"auto","background-attachment":"scroll","background-type":"","background-media":"","overlay-type":"","overlay-color":"","overlay-opacity":"","overlay-gradient":""},"mobile":{"background-color":"","background-image":"","background-repeat":"repeat","background-position":"center center","background-size":"auto","background-attachment":"scroll","background-type":"","background-media":"","overlay-type":"","overlay-color":"","overlay-opacity":"","overlay-gradient":""}},"ast-content-background-meta":{"desktop":{"background-color":"var(--ast-global-color-5)","background-image":"","background-repeat":"repeat","background-position":"center center","background-size":"auto","background-attachment":"scroll","background-type":"","background-media":"","overlay-type":"","overlay-color":"","overlay-opacity":"","overlay-gradient":""},"tablet":{"background-color":"var(--ast-global-color-5)","background-image":"","background-repeat":"repeat","background-position":"center center","background-size":"auto","background-attachment":"scroll","background-type":"","background-media":"","overlay-type":"","overlay-color":"","overlay-opacity":"","overlay-gradient":""},"mobile":{"background-color":"var(--ast-global-color-5)","background-image":"","background-repeat":"repeat","background-position":"center center","background-size":"auto","background-attachment":"scroll","background-type":"","background-media":"","overlay-type":"","overlay-color":"","overlay-opacity":"","overlay-gradient":""}},"footnotes":""},"class_list":["post-4283","page","type-page","status-publish","hentry"],"yoast_head":"<!-- This site is optimized with the Yoast SEO plugin v26.9 - https:\/\/yoast.com\/product\/yoast-seo-wordpress\/ -->\n<title>Channels - SCANDINAVIAN IPTV<\/title>\n<meta name=\"description\" content=\"See a detailed list showing all our channels, series, and films. You can also search for series, films, and channels from our search page. We have the biggest channel list you can get!\" \/>\n<meta name=\"robots\" content=\"index, follow, max-snippet:-1, max-image-preview:large, max-video-preview:-1\" \/>\n<link rel=\"canonical\" href=\"https:\/\/scandinavianiptv.me\/da\/channels\/\" \/>\n<meta property=\"og:locale\" content=\"da_DK\" \/>\n<meta property=\"og:type\" content=\"article\" \/>\n<meta property=\"og:title\" content=\"Channels - SCANDINAVIAN IPTV\" \/>\n<meta property=\"og:description\" content=\"See a detailed list showing all our channels, series, and films. You can also search for series, films, and channels from our search page. We have the biggest channel list you can get!\" \/>\n<meta property=\"og:url\" content=\"https:\/\/scandinavianiptv.me\/da\/channels\/\" \/>\n<meta property=\"og:site_name\" content=\"SCANDINAVIAN IPTV\" \/>\n<meta property=\"article:modified_time\" content=\"2022-11-15T07:31:15+00:00\" \/>\n<meta name=\"twitter:card\" content=\"summary_large_image\" \/>\n<meta name=\"twitter:label1\" content=\"Estimeret l\u00e6setid\" \/>\n\t<meta name=\"twitter:data1\" content=\"1 minut\" \/>\n<script type=\"application\/ld+json\" class=\"yoast-schema-graph\">{\"@context\":\"https:\/\/schema.org\",\"@graph\":[{\"@type\":\"WebPage\",\"@id\":\"https:\/\/scandinavianiptv.me\/channels\/\",\"url\":\"https:\/\/scandinavianiptv.me\/channels\/\",\"name\":\"Channels - SCANDINAVIAN IPTV\",\"isPartOf\":{\"@id\":\"https:\/\/scandinavianiptv.me\/#website\"},\"datePublished\":\"2021-12-01T18:01:21+00:00\",\"dateModified\":\"2022-11-15T07:31:15+00:00\",\"description\":\"See a detailed list showing all our channels, series, and films. You can also search for series, films, and channels from our search page. We have the biggest channel list you can get!\",\"breadcrumb\":{\"@id\":\"https:\/\/scandinavianiptv.me\/channels\/#breadcrumb\"},\"inLanguage\":\"da-DK\",\"potentialAction\":[{\"@type\":\"ReadAction\",\"target\":[\"https:\/\/scandinavianiptv.me\/channels\/\"]}]},{\"@type\":\"BreadcrumbList\",\"@id\":\"https:\/\/scandinavianiptv.me\/channels\/#breadcrumb\",\"itemListElement\":[{\"@type\":\"ListItem\",\"position\":1,\"name\":\"Home\",\"item\":\"https:\/\/scandinavianiptv.me\/\"},{\"@type\":\"ListItem\",\"position\":2,\"name\":\"Channels\"}]},{\"@type\":\"WebSite\",\"@id\":\"https:\/\/scandinavianiptv.me\/#website\",\"url\":\"https:\/\/scandinavianiptv.me\/\",\"name\":\"SCANDINAVIAN IPTV\",\"description\":\"PREMIUM IPTV PROVIDER\",\"publisher\":{\"@id\":\"https:\/\/scandinavianiptv.me\/#organization\"},\"potentialAction\":[{\"@type\":\"SearchAction\",\"target\":{\"@type\":\"EntryPoint\",\"urlTemplate\":\"https:\/\/scandinavianiptv.me\/?s={search_term_string}\"},\"query-input\":{\"@type\":\"PropertyValueSpecification\",\"valueRequired\":true,\"valueName\":\"search_term_string\"}}],\"inLanguage\":\"da-DK\"},{\"@type\":\"Organization\",\"@id\":\"https:\/\/scandinavianiptv.me\/#organization\",\"name\":\"Streamy IPTV\",\"url\":\"https:\/\/scandinavianiptv.me\/\",\"logo\":{\"@type\":\"ImageObject\",\"inLanguage\":\"da-DK\",\"@id\":\"https:\/\/scandinavianiptv.me\/#\/schema\/logo\/image\/\",\"url\":\"https:\/\/scandinavianiptv.me\/wp-content\/uploads\/2021\/11\/logo.png\",\"contentUrl\":\"https:\/\/scandinavianiptv.me\/wp-content\/uploads\/2021\/11\/logo.png\",\"width\":236,\"height\":70,\"caption\":\"Streamy IPTV\"},\"image\":{\"@id\":\"https:\/\/scandinavianiptv.me\/#\/schema\/logo\/image\/\"}}]}<\/script>\n<!-- \/ Yoast SEO plugin. -->","yoast_head_json":{"title":"Channels - SCANDINAVIAN IPTV","description":"See a detailed list showing all our channels, series, and films. You can also search for series, films, and channels from our search page. We have the biggest channel list you can get!","robots":{"index":"index","follow":"follow","max-snippet":"max-snippet:-1","max-image-preview":"max-image-preview:large","max-video-preview":"max-video-preview:-1"},"canonical":"https:\/\/scandinavianiptv.me\/da\/channels\/","og_locale":"da_DK","og_type":"article","og_title":"Channels - SCANDINAVIAN IPTV","og_description":"See a detailed list showing all our channels, series, and films. You can also search for series, films, and channels from our search page. We have the biggest channel list you can get!","og_url":"https:\/\/scandinavianiptv.me\/da\/channels\/","og_site_name":"SCANDINAVIAN IPTV","article_modified_time":"2022-11-15T07:31:15+00:00","twitter_card":"summary_large_image","twitter_misc":{"Estimeret l\u00e6setid":"1 minut"},"schema":{"@context":"https:\/\/schema.org","@graph":[{"@type":"WebPage","@id":"https:\/\/scandinavianiptv.me\/channels\/","url":"https:\/\/scandinavianiptv.me\/channels\/","name":"Channels - SCANDINAVIAN IPTV","isPartOf":{"@id":"https:\/\/scandinavianiptv.me\/#website"},"datePublished":"2021-12-01T18:01:21+00:00","dateModified":"2022-11-15T07:31:15+00:00","description":"See a detailed list showing all our channels, series, and films. You can also search for series, films, and channels from our search page. We have the biggest channel list you can get!","breadcrumb":{"@id":"https:\/\/scandinavianiptv.me\/channels\/#breadcrumb"},"inLanguage":"da-DK","potentialAction":[{"@type":"ReadAction","target":["https:\/\/scandinavianiptv.me\/channels\/"]}]},{"@type":"BreadcrumbList","@id":"https:\/\/scandinavianiptv.me\/channels\/#breadcrumb","itemListElement":[{"@type":"ListItem","position":1,"name":"Home","item":"https:\/\/scandinavianiptv.me\/"},{"@type":"ListItem","position":2,"name":"Channels"}]},{"@type":"WebSite","@id":"https:\/\/scandinavianiptv.me\/#website","url":"https:\/\/scandinavianiptv.me\/","name":"SCANDINAVIAN IPTV","description":"PREMIUM IPTV PROVIDER","publisher":{"@id":"https:\/\/scandinavianiptv.me\/#organization"},"potentialAction":[{"@type":"SearchAction","target":{"@type":"EntryPoint","urlTemplate":"https:\/\/scandinavianiptv.me\/?s={search_term_string}"},"query-input":{"@type":"PropertyValueSpecification","valueRequired":true,"valueName":"search_term_string"}}],"inLanguage":"da-DK"},{"@type":"Organization","@id":"https:\/\/scandinavianiptv.me\/#organization","name":"Streamy IPTV","url":"https:\/\/scandinavianiptv.me\/","logo":{"@type":"ImageObject","inLanguage":"da-DK","@id":"https:\/\/scandinavianiptv.me\/#\/schema\/logo\/image\/","url":"https:\/\/scandinavianiptv.me\/wp-content\/uploads\/2021\/11\/logo.png","contentUrl":"https:\/\/scandinavianiptv.me\/wp-content\/uploads\/2021\/11\/logo.png","width":236,"height":70,"caption":"Streamy IPTV"},"image":{"@id":"https:\/\/scandinavianiptv.me\/#\/schema\/logo\/image\/"}}]}},"_links":{"self":[{"href":"https:\/\/scandinavianiptv.me\/da\/wp-json\/wp\/v2\/pages\/4283","targetHints":{"allow":["GET"]}}],"collection":[{"href":"https:\/\/scandinavianiptv.me\/da\/wp-json\/wp\/v2\/pages"}],"about":[{"href":"https:\/\/scandinavianiptv.me\/da\/wp-json\/wp\/v2\/types\/page"}],"author":[{"embeddable":true,"href":"https:\/\/scandinavianiptv.me\/da\/wp-json\/wp\/v2\/users\/2"}],"replies":[{"embeddable":true,"href":"https:\/\/scandinavianiptv.me\/da\/wp-json\/wp\/v2\/comments?post=4283"}],"version-history":[{"count":0,"href":"https:\/\/scandinavianiptv.me\/da\/wp-json\/wp\/v2\/pages\/4283\/revisions"}],"wp:attachment":[{"href":"https:\/\/scandinavianiptv.me\/da\/wp-json\/wp\/v2\/media?parent=4283"}],"curies":[{"name":"wp","href":"https:\/\/api.w.org\/{rel}","templated":true}]}}