{"id":4380,"date":"2021-12-02T22:06:57","date_gmt":"2021-12-02T21:06:57","guid":{"rendered":"https:\/\/scandinavianiptv.me\/?post_type=product&#038;p=4380"},"modified":"2023-01-23T18:09:19","modified_gmt":"2023-01-23T17:09:19","slug":"iptv-subscription-12-months","status":"publish","type":"product","link":"https:\/\/scandinavianiptv.me\/fi\/tuote\/iptv-subscription-12-months\/","title":{"rendered":"IPTV - 12 kuukautta"},"content":{"rendered":"<p><span class=\"VIiyi\" lang=\"da\"><strong><span class=\"JLqJ4b ChMk0b\" data-language-for-alternatives=\"da\" data-language-to-translate-into=\"en\" data-phrase-index=\"0\" data-number-of-phrases=\"11\">PREMIUM IPTV-PAKETTI<\/span><\/strong><\/span><\/p>\n<div class=\"mb32\">\n<p>Kokeile palveluitamme ILMAISEKSI ennen ostamista! Haluamme varmistaa, ett\u00e4 sinulla on nykyaikainen suoratoistolaite ja ett\u00e4 t\u00e4yt\u00e4t Internet-vaatimukset, jotta voit olla tyytyv\u00e4inen ja tyytyv\u00e4inen Premium-palveluihimme.<\/p>\n<p>Ei vain 10 000+ Premium-kanavaa, PPV, ja KAIKKI urheilulajit, vaan my\u00f6s p\u00e4\u00e4sy valtavaan valikoimaan elokuvia &amp; TV-ohjelmia ON-DEMAND.<\/p>\n<\/div>","protected":false},"excerpt":{"rendered":"<p>Nauti sis\u00e4ll\u00f6st\u00e4 ymp\u00e4ri maailmaa. P\u00e4\u00e4set katsomaan kanavia 60 maasta ja noin 10 000 kanavaa, joten l\u00f6yd\u00e4t aina jotain katsottavaa.<\/p>\n<p>Elokuvat, sarjat, dokumentit tai urheilu. Kaikki on helposti saatavilla televisiossa, tabletilla, tietokoneella tai matkapuhelimella.<\/p>\n<p>Katso Valioliigaa, NHL:\u00e4\u00e4, Bundesliigaa, Serie A:ta, La Ligaa ja monia, monia muita liigoja.<\/p>\n<p>Palvelumme korvaa suositut suoratoistopalvelut, kuten Netflix, HBO, Disney+ ja monet muut.<br \/>\nUusia elokuvia ja sarjoja lis\u00e4t\u00e4\u00e4n viikoittain.<\/p>","protected":false},"featured_media":4653,"template":"","meta":{"site-sidebar-layout":"default","site-content-layout":"default","ast-site-content-layout":"default","site-content-style":"default","site-sidebar-style":"default","ast-global-header-display":"","ast-banner-title-visibility":"","ast-main-header-display":"","ast-hfb-above-header-display":"","ast-hfb-below-header-display":"","ast-hfb-mobile-header-display":"","site-post-title":"","ast-breadcrumbs-content":"","ast-featured-img":"","footer-sml-layout":"","ast-disable-related-posts":"","theme-transparent-header-meta":"default","adv-header-id-meta":"","stick-header-meta":"","header-above-stick-meta":"","header-main-stick-meta":"","header-below-stick-meta":"","astra-migrate-meta-layouts":"default","ast-page-background-enabled":"default","ast-page-background-meta":{"desktop":{"background-color":"var(--ast-global-color-4)","background-image":"","background-repeat":"repeat","background-position":"center center","background-size":"auto","background-attachment":"scroll","background-type":"","background-media":"","overlay-type":"","overlay-color":"","overlay-opacity":"","overlay-gradient":""},"tablet":{"background-color":"","background-image":"","background-repeat":"repeat","background-position":"center center","background-size":"auto","background-attachment":"scroll","background-type":"","background-media":"","overlay-type":"","overlay-color":"","overlay-opacity":"","overlay-gradient":""},"mobile":{"background-color":"","background-image":"","background-repeat":"repeat","background-position":"center center","background-size":"auto","background-attachment":"scroll","background-type":"","background-media":"","overlay-type":"","overlay-color":"","overlay-opacity":"","overlay-gradient":""}},"ast-content-background-meta":{"desktop":{"background-color":"var(--ast-global-color-5)","background-image":"","background-repeat":"repeat","background-position":"center center","background-size":"auto","background-attachment":"scroll","background-type":"","background-media":"","overlay-type":"","overlay-color":"","overlay-opacity":"","overlay-gradient":""},"tablet":{"background-color":"var(--ast-global-color-5)","background-image":"","background-repeat":"repeat","background-position":"center center","background-size":"auto","background-attachment":"scroll","background-type":"","background-media":"","overlay-type":"","overlay-color":"","overlay-opacity":"","overlay-gradient":""},"mobile":{"background-color":"var(--ast-global-color-5)","background-image":"","background-repeat":"repeat","background-position":"center center","background-size":"auto","background-attachment":"scroll","background-type":"","background-media":"","overlay-type":"","overlay-color":"","overlay-opacity":"","overlay-gradient":""}}},"product_brand":[],"product_cat":[33],"product_tag":[26],"class_list":{"0":"post-4380","1":"product","2":"type-product","3":"status-publish","4":"has-post-thumbnail","6":"product_cat-iptv","7":"product_tag-iptv","8":"desktop-align-left","9":"tablet-align-left","10":"mobile-align-left","12":"first","13":"instock","14":"sale","15":"shipping-taxable","16":"product-type-external"},"yoast_head":"<!-- This site is optimized with the Yoast SEO plugin v26.9 - https:\/\/yoast.com\/product\/yoast-seo-wordpress\/ -->\n<title>IPTV \u2013 12 months - SCANDINAVIAN IPTV<\/title>\n<meta name=\"robots\" content=\"index, follow, max-snippet:-1, max-image-preview:large, max-video-preview:-1\" \/>\n<link rel=\"canonical\" href=\"https:\/\/scandinavianiptv.me\/fi\/tuote\/iptv-subscription-12-months\/\" \/>\n<meta property=\"og:locale\" content=\"fi_FI\" \/>\n<meta property=\"og:type\" content=\"article\" \/>\n<meta property=\"og:title\" content=\"IPTV \u2013 12 months - SCANDINAVIAN IPTV\" \/>\n<meta property=\"og:description\" content=\"Enjoy content from around the world. With access to channels from 60 countries and approx. 10,000 channels, so you&#039;ll always find something to watch.  Movies, series, documentaries, or sports. Everything is available easily on your TV, tablet, PC, or mobile.  Watch the Premier League, NHL, Bundesliga, Serie A, La Liga, and many, many more leagues.  Our service replaces popular streaming services such as Netflix, HBO, Disney+, and many more. New films and series are added weekly.\" \/>\n<meta property=\"og:url\" content=\"https:\/\/scandinavianiptv.me\/fi\/tuote\/iptv-subscription-12-months\/\" \/>\n<meta property=\"og:site_name\" content=\"SCANDINAVIAN IPTV\" \/>\n<meta property=\"article:modified_time\" content=\"2023-01-23T17:09:19+00:00\" \/>\n<meta property=\"og:image\" content=\"https:\/\/scandinavianiptv.me\/wp-content\/uploads\/2021\/12\/product.jpg\" \/>\n\t<meta property=\"og:image:width\" content=\"944\" \/>\n\t<meta property=\"og:image:height\" content=\"630\" \/>\n\t<meta property=\"og:image:type\" content=\"image\/jpeg\" \/>\n<meta name=\"twitter:card\" content=\"summary_large_image\" \/>\n<meta name=\"twitter:label1\" content=\"Arvioitu lukuaika\" \/>\n\t<meta name=\"twitter:data1\" content=\"1 minuutti\" \/>\n<script type=\"application\/ld+json\" class=\"yoast-schema-graph\">{\"@context\":\"https:\/\/schema.org\",\"@graph\":[{\"@type\":\"WebPage\",\"@id\":\"https:\/\/scandinavianiptv.me\/product\/iptv-subscription-12-months\/\",\"url\":\"https:\/\/scandinavianiptv.me\/product\/iptv-subscription-12-months\/\",\"name\":\"IPTV \u2013 12 months - SCANDINAVIAN IPTV\",\"isPartOf\":{\"@id\":\"https:\/\/scandinavianiptv.me\/#website\"},\"primaryImageOfPage\":{\"@id\":\"https:\/\/scandinavianiptv.me\/product\/iptv-subscription-12-months\/#primaryimage\"},\"image\":{\"@id\":\"https:\/\/scandinavianiptv.me\/product\/iptv-subscription-12-months\/#primaryimage\"},\"thumbnailUrl\":\"https:\/\/scandinavianiptv.me\/wp-content\/uploads\/2021\/12\/product.jpg\",\"datePublished\":\"2021-12-02T21:06:57+00:00\",\"dateModified\":\"2023-01-23T17:09:19+00:00\",\"breadcrumb\":{\"@id\":\"https:\/\/scandinavianiptv.me\/product\/iptv-subscription-12-months\/#breadcrumb\"},\"inLanguage\":\"fi\",\"potentialAction\":[{\"@type\":\"ReadAction\",\"target\":[\"https:\/\/scandinavianiptv.me\/product\/iptv-subscription-12-months\/\"]}]},{\"@type\":\"ImageObject\",\"inLanguage\":\"fi\",\"@id\":\"https:\/\/scandinavianiptv.me\/product\/iptv-subscription-12-months\/#primaryimage\",\"url\":\"https:\/\/scandinavianiptv.me\/wp-content\/uploads\/2021\/12\/product.jpg\",\"contentUrl\":\"https:\/\/scandinavianiptv.me\/wp-content\/uploads\/2021\/12\/product.jpg\",\"width\":944,\"height\":630},{\"@type\":\"BreadcrumbList\",\"@id\":\"https:\/\/scandinavianiptv.me\/product\/iptv-subscription-12-months\/#breadcrumb\",\"itemListElement\":[{\"@type\":\"ListItem\",\"position\":1,\"name\":\"Home\",\"item\":\"https:\/\/scandinavianiptv.me\/\"},{\"@type\":\"ListItem\",\"position\":2,\"name\":\"Shop\",\"item\":\"https:\/\/scandinavianiptv.me\/shop\/\"},{\"@type\":\"ListItem\",\"position\":3,\"name\":\"IPTV \u2013 12 months\"}]},{\"@type\":\"WebSite\",\"@id\":\"https:\/\/scandinavianiptv.me\/#website\",\"url\":\"https:\/\/scandinavianiptv.me\/\",\"name\":\"SCANDINAVIAN IPTV\",\"description\":\"PREMIUM IPTV PROVIDER\",\"publisher\":{\"@id\":\"https:\/\/scandinavianiptv.me\/#organization\"},\"potentialAction\":[{\"@type\":\"SearchAction\",\"target\":{\"@type\":\"EntryPoint\",\"urlTemplate\":\"https:\/\/scandinavianiptv.me\/?s={search_term_string}\"},\"query-input\":{\"@type\":\"PropertyValueSpecification\",\"valueRequired\":true,\"valueName\":\"search_term_string\"}}],\"inLanguage\":\"fi\"},{\"@type\":\"Organization\",\"@id\":\"https:\/\/scandinavianiptv.me\/#organization\",\"name\":\"Streamy IPTV\",\"url\":\"https:\/\/scandinavianiptv.me\/\",\"logo\":{\"@type\":\"ImageObject\",\"inLanguage\":\"fi\",\"@id\":\"https:\/\/scandinavianiptv.me\/#\/schema\/logo\/image\/\",\"url\":\"https:\/\/scandinavianiptv.me\/wp-content\/uploads\/2021\/11\/logo.png\",\"contentUrl\":\"https:\/\/scandinavianiptv.me\/wp-content\/uploads\/2021\/11\/logo.png\",\"width\":236,\"height\":70,\"caption\":\"Streamy IPTV\"},\"image\":{\"@id\":\"https:\/\/scandinavianiptv.me\/#\/schema\/logo\/image\/\"}}]}<\/script>\n<!-- \/ Yoast SEO plugin. -->","yoast_head_json":{"title":"IPTV \u2013 12 months - SCANDINAVIAN IPTV","robots":{"index":"index","follow":"follow","max-snippet":"max-snippet:-1","max-image-preview":"max-image-preview:large","max-video-preview":"max-video-preview:-1"},"canonical":"https:\/\/scandinavianiptv.me\/fi\/tuote\/iptv-subscription-12-months\/","og_locale":"fi_FI","og_type":"article","og_title":"IPTV \u2013 12 months - SCANDINAVIAN IPTV","og_description":"Enjoy content from around the world. With access to channels from 60 countries and approx. 10,000 channels, so you'll always find something to watch.  Movies, series, documentaries, or sports. Everything is available easily on your TV, tablet, PC, or mobile.  Watch the Premier League, NHL, Bundesliga, Serie A, La Liga, and many, many more leagues.  Our service replaces popular streaming services such as Netflix, HBO, Disney+, and many more. New films and series are added weekly.","og_url":"https:\/\/scandinavianiptv.me\/fi\/tuote\/iptv-subscription-12-months\/","og_site_name":"SCANDINAVIAN IPTV","article_modified_time":"2023-01-23T17:09:19+00:00","og_image":[{"width":944,"height":630,"url":"https:\/\/scandinavianiptv.me\/wp-content\/uploads\/2021\/12\/product.jpg","type":"image\/jpeg"}],"twitter_card":"summary_large_image","twitter_misc":{"Arvioitu lukuaika":"1 minuutti"},"schema":{"@context":"https:\/\/schema.org","@graph":[{"@type":"WebPage","@id":"https:\/\/scandinavianiptv.me\/product\/iptv-subscription-12-months\/","url":"https:\/\/scandinavianiptv.me\/product\/iptv-subscription-12-months\/","name":"IPTV \u2013 12 months - SCANDINAVIAN IPTV","isPartOf":{"@id":"https:\/\/scandinavianiptv.me\/#website"},"primaryImageOfPage":{"@id":"https:\/\/scandinavianiptv.me\/product\/iptv-subscription-12-months\/#primaryimage"},"image":{"@id":"https:\/\/scandinavianiptv.me\/product\/iptv-subscription-12-months\/#primaryimage"},"thumbnailUrl":"https:\/\/scandinavianiptv.me\/wp-content\/uploads\/2021\/12\/product.jpg","datePublished":"2021-12-02T21:06:57+00:00","dateModified":"2023-01-23T17:09:19+00:00","breadcrumb":{"@id":"https:\/\/scandinavianiptv.me\/product\/iptv-subscription-12-months\/#breadcrumb"},"inLanguage":"fi","potentialAction":[{"@type":"ReadAction","target":["https:\/\/scandinavianiptv.me\/product\/iptv-subscription-12-months\/"]}]},{"@type":"ImageObject","inLanguage":"fi","@id":"https:\/\/scandinavianiptv.me\/product\/iptv-subscription-12-months\/#primaryimage","url":"https:\/\/scandinavianiptv.me\/wp-content\/uploads\/2021\/12\/product.jpg","contentUrl":"https:\/\/scandinavianiptv.me\/wp-content\/uploads\/2021\/12\/product.jpg","width":944,"height":630},{"@type":"BreadcrumbList","@id":"https:\/\/scandinavianiptv.me\/product\/iptv-subscription-12-months\/#breadcrumb","itemListElement":[{"@type":"ListItem","position":1,"name":"Home","item":"https:\/\/scandinavianiptv.me\/"},{"@type":"ListItem","position":2,"name":"Shop","item":"https:\/\/scandinavianiptv.me\/shop\/"},{"@type":"ListItem","position":3,"name":"IPTV \u2013 12 months"}]},{"@type":"WebSite","@id":"https:\/\/scandinavianiptv.me\/#website","url":"https:\/\/scandinavianiptv.me\/","name":"SCANDINAVIAN IPTV","description":"PREMIUM IPTV PROVIDER","publisher":{"@id":"https:\/\/scandinavianiptv.me\/#organization"},"potentialAction":[{"@type":"SearchAction","target":{"@type":"EntryPoint","urlTemplate":"https:\/\/scandinavianiptv.me\/?s={search_term_string}"},"query-input":{"@type":"PropertyValueSpecification","valueRequired":true,"valueName":"search_term_string"}}],"inLanguage":"fi"},{"@type":"Organization","@id":"https:\/\/scandinavianiptv.me\/#organization","name":"Streamy IPTV","url":"https:\/\/scandinavianiptv.me\/","logo":{"@type":"ImageObject","inLanguage":"fi","@id":"https:\/\/scandinavianiptv.me\/#\/schema\/logo\/image\/","url":"https:\/\/scandinavianiptv.me\/wp-content\/uploads\/2021\/11\/logo.png","contentUrl":"https:\/\/scandinavianiptv.me\/wp-content\/uploads\/2021\/11\/logo.png","width":236,"height":70,"caption":"Streamy IPTV"},"image":{"@id":"https:\/\/scandinavianiptv.me\/#\/schema\/logo\/image\/"}}]}},"_links":{"self":[{"href":"https:\/\/scandinavianiptv.me\/fi\/wp-json\/wp\/v2\/product\/4380","targetHints":{"allow":["GET"]}}],"collection":[{"href":"https:\/\/scandinavianiptv.me\/fi\/wp-json\/wp\/v2\/product"}],"about":[{"href":"https:\/\/scandinavianiptv.me\/fi\/wp-json\/wp\/v2\/types\/product"}],"wp:featuredmedia":[{"embeddable":true,"href":"https:\/\/scandinavianiptv.me\/fi\/wp-json\/wp\/v2\/media\/4653"}],"wp:attachment":[{"href":"https:\/\/scandinavianiptv.me\/fi\/wp-json\/wp\/v2\/media?parent=4380"}],"wp:term":[{"taxonomy":"product_brand","embeddable":true,"href":"https:\/\/scandinavianiptv.me\/fi\/wp-json\/wp\/v2\/product_brand?post=4380"},{"taxonomy":"product_cat","embeddable":true,"href":"https:\/\/scandinavianiptv.me\/fi\/wp-json\/wp\/v2\/product_cat?post=4380"},{"taxonomy":"product_tag","embeddable":true,"href":"https:\/\/scandinavianiptv.me\/fi\/wp-json\/wp\/v2\/product_tag?post=4380"}],"curies":[{"name":"wp","href":"https:\/\/api.w.org\/{rel}","templated":true}]}}